{"id":5110,"date":"2021-06-14T15:55:46","date_gmt":"2021-06-14T13:55:46","guid":{"rendered":"https:\/\/paidstaging.hofgut.com\/?page_id=5110"},"modified":"2024-11-25T11:52:58","modified_gmt":"2024-11-25T10:52:58","slug":"penthouse","status":"publish","type":"page","link":"https:\/\/paidstaging.hofgut.com\/en\/penthouse\/","title":{"rendered":"Penthouse"},"content":{"rendered":"<div class=\"wpb-content-wrapper\">[vc_row thb_full_width=&#8221;true&#8221; content_placement=&#8221;middle&#8221; bg_gradient_direction=&#8221;0&#8243; bg_gradient1=&#8221;rgba(3,45,50,0.47)&#8221; bg_gradient2=&#8221;#032d32&#8243; css=&#8221;.vc_custom_1649398380341{background-image: url(https:\/\/paidstaging.hofgut.com\/wp-content\/uploads\/2022\/04\/hofgut-apartment-lifestyle-resort-penthouse-header-28-scaled.jpg?id=7499) !important;}&#8221;][vc_column thb_color=&#8221;thb-light-column&#8221;][vc_row_inner content_placement=&#8221;middle&#8221;][vc_column_inner thb_color=&#8221;thb-light-column&#8221; animation=&#8221;animation bottom-to-top&#8221;][vc_empty_space height=&#8221;130px&#8221;][vc_empty_space mobile_height=&#8221;5vh&#8221; height=&#8221;15vh&#8221;][vc_column_text]\n<h1 class=\"hero-h1\">Penthouse<\/h1>\n<h2 class=\"hero-h2\">Enjoy luxury living and well-being in the newly built Penthouse Design Apartments.<\/h2>\n[\/vc_column_text][vc_column_text]In this oasis of well-being with a large terrace, private sauna and free-standing bathtub in the bedroom, you can enjoy quality interior design with natural materials and solid wood floors. The penthouse apartments are available as 3-room and 5-room apartments. A modern, well-equipped designer kitchen, flat-screen TV with Smart View in all living rooms and bedrooms and free Wi-Fi are included.[\/vc_column_text][vc_empty_space height=&#8221;130px&#8221;][\/vc_column_inner][\/vc_row_inner][\/vc_column][\/vc_row][vc_row][vc_column][vc_empty_space height=&#8221;10vh&#8221;][vc_raw_html]JTNDc2NyaXB0JTIwdHlwZSUzRCUyMnRleHQlMkZqYXZhc2NyaXB0JTIyJTIwc3JjJTNEJTIyaHR0cHMlM0ElMkYlMkZzOC5ob3RlbGxvZ2luLmNsb3VkJTJGY3VzdG9tZXIlMkZob2ZndXQlMkZpbmRleC5waHAlM0Zjb250cm9sbGVyJTNEcGpCb29raW5nRW5naW5lJTI2YWN0aW9uJTNETG9hZEVuZ2luZUFsbENhdGVnb3J5cyUyNmNzc2NvZGUlM0QzJTI2bG9jYWxlJTNEMyUyNnJvb21rZXklM0Q5JTI2aW1hZ2UlM0RtZWRpdW1fcGF0aCUyNiUyMiUzRSUzQyUyRnNjcmlwdCUzRQ==[\/vc_raw_html][\/vc_column][\/vc_row][vc_row css=&#8221;.vc_custom_1623690660783{margin-top: 5vh !important;border-top-width: 1px !important;padding-top: 1vh !important;border-top-color: #032d32 !important;border-top-style: solid !important;}&#8221;][vc_column][vc_column_text]\n<p style=\"text-align: center;\"><strong>Your favorite apartment is no longer available in the desired period?<br \/>\n<\/strong><a href=\"https:\/\/paidstaging.hofgut.com\/en\/book\/\">Click here<\/a> to get to the complete overview.<\/p>\n[\/vc_column_text][\/vc_column][\/vc_row][vc_row thb_full_width=&#8221;true&#8221; css=&#8221;.vc_custom_1623828913458{background-color: #d2a445 !important;}&#8221;][vc_column thb_color=&#8221;thb-light-column&#8221;][vc_empty_space mobile_height=&#8221;5vh&#8221; height=&#8221;25vh&#8221;][vc_row_inner css=&#8221;.vc_custom_1613130179239{margin-bottom: 1vh !important;}&#8221; el_class=&#8221;align-center&#8221;][vc_column_inner animation=&#8221;animation bottom-to-top&#8221;][vc_column_text]\n<h2 style=\"text-align: center;\">Book your stay<\/h2>\n[\/vc_column_text][\/vc_column_inner][\/vc_row_inner][vc_row_inner el_class=&#8221;align-center&#8221;][vc_column_inner width=&#8221;1\/3&#8243; animation=&#8221;animation bottom-to-top&#8221;]\t<div id=\"thb-iconbox-69da593d62a0a\" class=\"thb-iconbox top type3  has-img  text-center animation-true\" href=\"\" target=\"_self\" data-animation_speed=\"1.5\">\n\t\t\t\t<figure>\n\t\t\t\t\t\t\t<div class=\"iconbox-image\">\n\t\t\t\t\t<img loading=\"lazy\" decoding=\"async\" width=\"55\" height=\"55\" src=\"image\/gif;base64,R0lGODlhAQABAAAAACH5BAEKAAEALAAAAAABAAEAAAICTAEAOw==\" class=\"thb_image  attachment-full thb-lazyload lazyload\" alt=\"Line-Art-Icon eines nach unten zeigenden Pfeils im Kreis \u2013 Symbol f\u00fcr Early Fix Buchung ohne Stornom\u00f6glichkeit.\" title=\"fix-booking\" data-src=\"https:\/\/paidstaging.hofgut.com\/wp-content\/uploads\/2021\/03\/fix-booking.svg\" data-sizes=\"auto\" \/>\t\t\t\t\t\t\t\t\t<\/div>\n\t\t\t\t\t\t\t\t\t\t\t\t<\/figure>\n\t\t\t\t<div class=\"iconbox-content\">\n\t\t\t\t\t\t\t<h5>Fixed Booking<\/h5>\t\t\t<p>Book your holiday at the best price. The Fixed Booking rate cannot be cancelled!<\/p>\n<p>A 30% deposit will be charged upon booking, with the balance to be paid on site. In case of cancellation, 90% of the holiday costs will be charged. We recommend that you take out cancellation insurance.<\/p>\n\t\t\t\t\t<\/div>\n\t\t<style>\n\t\t\t\t\t\t\t\t\t\t\t\t\t\t\t\t\t\t\t\t\t\t\t\t\/* Hover *\/\n\t\t\t\t\t\t\t\t\t\t\t<\/style>\n\t<\/div>\n\t[\/vc_column_inner][vc_column_inner width=&#8221;1\/3&#8243; animation=&#8221;animation bottom-to-top&#8221;]\t<div id=\"thb-iconbox-69da593d6338e\" class=\"thb-iconbox top type3  has-img  text-center animation-true\" href=\"\" target=\"_self\" data-animation_speed=\"1.5\">\n\t\t\t\t<figure>\n\t\t\t\t\t\t\t<div class=\"iconbox-image\">\n\t\t\t\t\t<img loading=\"lazy\" decoding=\"async\" width=\"55\" height=\"55\" src=\"image\/gif;base64,R0lGODlhAQABAAAAACH5BAEKAAEALAAAAAABAAEAAAICTAEAOw==\" class=\"thb_image  attachment-full thb-lazyload lazyload\" alt=\"Line-Art-Icon mit Pfeil nach oben und unten im Kreis \u2013 Symbol f\u00fcr Flex Buchung mit Stornom\u00f6glichkeit bis 30 Tage vor Anreise.\" title=\"flex-booking\" data-src=\"https:\/\/paidstaging.hofgut.com\/wp-content\/uploads\/2021\/03\/flex-booking.svg\" data-sizes=\"auto\" \/>\t\t\t\t\t\t\t\t\t<\/div>\n\t\t\t\t\t\t\t\t\t\t\t\t<\/figure>\n\t\t\t\t<div class=\"iconbox-content\">\n\t\t\t\t\t\t\t<h5>Flexi Booking<\/h5>\t\t\t<p>You love flexibility? The Flexi Booking rate can be cancelled free of charge up to 30 days in advance!<\/p>\n<p>A 30% deposit will be charged upon booking, which will be refunded in case of cancellation up to 30 days in advance. If you cancel later, 90% of the holiday costs will be charged.<\/p>\n\t\t\t\t\t<\/div>\n\t\t<style>\n\t\t\t\t\t\t\t\t\t\t\t\t\t\t\t\t\t\t\t\t\t\t\t\t\/* Hover *\/\n\t\t\t\t\t\t\t\t\t\t\t<\/style>\n\t<\/div>\n\t[\/vc_column_inner][vc_column_inner width=&#8221;1\/3&#8243; animation=&#8221;animation bottom-to-top&#8221;]\t<div id=\"thb-iconbox-69da593d6394b\" class=\"thb-iconbox top type3  has-img  text-center animation-true\" href=\"\" target=\"_self\" data-animation_speed=\"1.5\">\n\t\t\t\t<figure>\n\t\t\t\t\t\t\t<div class=\"iconbox-image\">\n\t\t\t\t\t<img loading=\"lazy\" decoding=\"async\" width=\"55\" height=\"55\" src=\"image\/gif;base64,R0lGODlhAQABAAAAACH5BAEKAAEALAAAAAABAAEAAAICTAEAOw==\" class=\"thb_image  attachment-full thb-lazyload lazyload\" alt=\"Line-Art-Icon mit Pfeilen in alle vier Richtungen im Kreis \u2013 Symbol f\u00fcr Super Flexi Buchung mit kostenfreier Stornierung bis 3 Tage vor Anreise\" title=\"superflex-booking\" data-src=\"https:\/\/paidstaging.hofgut.com\/wp-content\/uploads\/2021\/03\/superflex-booking.svg\" data-sizes=\"auto\" \/>\t\t\t\t\t\t\t\t\t<\/div>\n\t\t\t\t\t\t\t\t\t\t\t\t<\/figure>\n\t\t\t\t<div class=\"iconbox-content\">\n\t\t\t\t\t\t\t<h5>Super Flexi Booking<\/h5>\t\t\t<p>If you want to be completely flexible, the Super Flexi rate is just right for you.<\/p>\n<p>The Super Flexi Booking rate can be cancelled free of charge up to 3 days before arrival! A 30% deposit is charged at the time of booking, which is refundable in the event of cancellation up to 3 days prior to arrival. If you cancel later, 90% of the holiday price will be charged.<\/p>\n\t\t\t\t\t<\/div>\n\t\t<style>\n\t\t\t\t\t\t\t\t\t\t\t\t\t\t\t\t\t\t\t\t\t\t\t\t\/* Hover *\/\n\t\t\t\t\t\t\t\t\t\t\t<\/style>\n\t<\/div>\n\t[\/vc_column_inner][\/vc_row_inner][vc_row_inner el_class=&#8221;align-center&#8221;][vc_column_inner animation=&#8221;animation bottom-to-top&#8221;]\t<a id=\"thb-button-69da593d63e80\" class=\"btn style3 large  white small-radius animation bottom-to-top hf-btn  \" href=\"https:\/\/paidstaging.hofgut.com\/en\/book\/\" target=\"_self\" role=\"button\">\n\t\t\t\t\t<span>BOOK YOUR STAY<\/span>\n\t\t\t<\/a>\n\t\t[\/vc_column_inner][\/vc_row_inner][vc_empty_space mobile_height=&#8221;5vh&#8221; height=&#8221;25vh&#8221;][\/vc_column][\/vc_row][vc_row thb_full_width=&#8221;true&#8221; thb_column_padding=&#8221;true&#8221; css=&#8221;.vc_custom_1623829275843{padding-top: 15vh !important;padding-bottom: 15vh !important;background-color: #032d32 !important;}&#8221; el_id=&#8221;instagram&#8221; el_class=&#8221;hgdark&#8221;][vc_column thb_color=&#8221;thb-light-column&#8221;][vc_row_inner][vc_column_inner width=&#8221;5\/6&#8243; animation=&#8221;animation bottom-to-top&#8221;][vc_column_text]Instagram<\/p>\n<h2>Social living is a big topic with us. Join us on our personal journey to a new feel-good place.<\/h2>\n<h3>#hofgutlifestyle<\/h3>\n[\/vc_column_text][\/vc_column_inner][\/vc_row_inner][vc_empty_space][vc_row_inner][vc_column_inner thb_color=&#8221;thb-light-column&#8221; animation=&#8221;animation bottom-to-top&#8221;][vc_raw_html]JTNDZGl2JTIwaWQlM0QlMjJmbG9ja2xlci1lbWJlZC0xN2ExM2M3MDAzYTA4OWRjNDBlMGI1ZGY0YjEzM2MzNyUyMiUzRSUzQyUyRmRpdiUzRSUwQSUzQ3NjcmlwdCUyMHNyYyUzRCUyMmh0dHBzJTNBJTJGJTJGcGx1Z2lucy5mbG9ja2xlci5jb20lMkZlbWJlZCUyRjE3NWIxYjNmMzcwMDEzYzhjNWU3YTJlMTkxZTE0MGNlJTJGMTdhMTNjNzAwM2EwODlkYzQwZTBiNWRmNGIxMzNjMzclMjIlMjBhc3luYyUzRSUzQyUyRnNjcmlwdCUzRQ==[\/vc_raw_html][\/vc_column_inner][\/vc_row_inner][\/vc_column][\/vc_row][vc_row disable_element=&#8221;yes&#8221;][vc_column]\n<div class=\"wpcf7 no-js\" id=\"wpcf7-f1079-o1\" lang=\"de-DE\" dir=\"ltr\" data-wpcf7-id=\"1079\">\n<div class=\"screen-reader-response\"><p role=\"status\" aria-live=\"polite\" aria-atomic=\"true\"><\/p> <ul><\/ul><\/div>\n<form action=\"\/en\/wp-json\/wp\/v2\/pages\/5110#wpcf7-f1079-o1\" method=\"post\" class=\"wpcf7-form init cmonitor-ext-0.4.67\" aria-label=\"Kontaktformular\" novalidate=\"novalidate\" data-status=\"init\">\n<fieldset class=\"hidden-fields-container\"><input type=\"hidden\" name=\"_wpcf7\" value=\"1079\" \/><input type=\"hidden\" name=\"_wpcf7_version\" value=\"6.1.5\" \/><input type=\"hidden\" name=\"_wpcf7_locale\" value=\"de_DE\" \/><input type=\"hidden\" name=\"_wpcf7_unit_tag\" value=\"wpcf7-f1079-o1\" \/><input type=\"hidden\" name=\"_wpcf7_container_post\" value=\"0\" \/><input type=\"hidden\" name=\"_wpcf7_posted_data_hash\" value=\"\" \/><input type=\"hidden\" name=\"_wpcf7_recaptcha_response\" value=\"\" \/>\n<\/fieldset>\n<fieldset>\n\t<legend>\n\t\t<h3>Kontaktformular\n\t\t<\/h3>\n\t<\/legend>\n\t<p><label for=\"your-name\">Ihr Name<\/label><br \/>\n<span class=\"wpcf7-form-control-wrap\" data-name=\"your-name\"><input size=\"40\" maxlength=\"400\" class=\"wpcf7-form-control wpcf7-text wpcf7-validates-as-required full\" id=\"your-name\" aria-required=\"true\" aria-invalid=\"false\" value=\"\" type=\"text\" name=\"your-name\" \/><\/span>\n\t<\/p>\n\t<p><label for=\"your-email\">Ihre E-Mail-Adresse<\/label><br \/>\n<span class=\"wpcf7-form-control-wrap\" data-name=\"your-email\"><input size=\"40\" maxlength=\"400\" class=\"wpcf7-form-control wpcf7-email wpcf7-validates-as-required wpcf7-text wpcf7-validates-as-email full\" id=\"your-email\" aria-required=\"true\" aria-invalid=\"false\" value=\"\" type=\"email\" name=\"your-email\" \/><\/span>\n\t<\/p>\n\t<p><label for=\"your-message\">Ihre Nachricht<\/label><br \/>\n<span class=\"wpcf7-form-control-wrap\" data-name=\"your-message\"><textarea cols=\"40\" rows=\"10\" maxlength=\"2000\" class=\"wpcf7-form-control wpcf7-textarea full\" id=\"your-message\" aria-invalid=\"false\" name=\"your-message\"><\/textarea><\/span>\n\t<\/p>\n<\/fieldset>\n<p><span class=\"wpcf7-form-control-wrap\" data-name=\"zustimmung\"><span class=\"wpcf7-form-control wpcf7-acceptance\"><span class=\"wpcf7-list-item\"><label><input type=\"checkbox\" name=\"zustimmung\" value=\"1\" aria-invalid=\"false\" \/><span class=\"wpcf7-list-item-label\">Ich habe die <a href=\"\/datenschutzerklaerung\" target=\"_blank\" rel=\"noopener\">Datenschutzerkl\u00e4rung<\/a> gelesen und stimme der Verarbeitung meiner E-Mail-Adresse zu.<\/span><\/label><\/span><\/span><\/span>\n<\/p>\n<p><span class=\"wpcf7-form-control-wrap\" data-name=\"newsletter\"><span class=\"wpcf7-form-control wpcf7-acceptance optional\"><span class=\"wpcf7-list-item\"><label><input type=\"checkbox\" name=\"newsletter\" value=\"1\" aria-invalid=\"false\" \/><span class=\"wpcf7-list-item-label\">Ja, ich m\u00f6chte zuk\u00fcnftig \u00fcber aktuelle Pauschalen, Angebote & Neuigkeiten per E-Mail informiert werden. Eine Abmeldung ist jederzeit m\u00f6glich.<\/span><\/label><\/span><\/span><\/span>\n<\/p>\n<p><input class=\"wpcf7-form-control wpcf7-submit has-spinner btn\" type=\"submit\" value=\"Nachricht senden\" \/>\n<\/p><div class=\"wpcf7-response-output\" aria-hidden=\"true\"><\/div><p style=\"display: none !important\"><span class=\"wpcf7-form-control-wrap referer-page\"><input type=\"text\" name=\"referer-page\" value=\"http:\/\/Direct%20Visit\" data-value=\"http:\/\/Direct%20Visit\" size=\"40\" class=\"wpcf7-form-control wpcf7-text referer-page\" aria-invalid=\"false\"><\/span><\/p>\n<!-- campaignmonitor extension by Renzo Johnson -->\n<\/form>\n<\/div>\n[\/vc_column][\/vc_row]\n<\/div>","protected":false},"excerpt":{"rendered":"<p>[vc_row thb_full_width=&#8221;true&#8221; content_placement=&#8221;middle&#8221; bg_gradient_direction=&#8221;0&#8243; bg_gradient1=&#8221;rgba(3,45,50,0.47)&#8221; bg_gradient2=&#8221;#032d32&#8243; css=&#8221;.vc_custom_1649398380341{background-image: url(https:\/\/paidstaging.hofgut.com\/wp-content\/uploads\/2022\/04\/hofgut-apartment-lifestyle-resort-penthouse-header-28-scaled.jpg?id=7499) !important;}&#8221;][vc_column thb_color=&#8221;thb-light-column&#8221;][vc_row_inner content_placement=&#8221;middle&#8221;][vc_column_inner thb_color=&#8221;thb-light-column&#8221; animation=&#8221;animation bottom-to-top&#8221;][vc_empty_space height=&#8221;130px&#8221;][vc_empty_space mobile_height=&#8221;5vh&#8221; height=&#8221;15vh&#8221;][vc_column_text] Penthouse Enjoy luxury living and well-being in the newly built Penthouse Design Apartments. [\/vc_column_text][vc_column_text]In this oasis of well-being with a large terrace, private sauna and free-standing bathtub in the bedroom, you can enjoy quality interior design with natural&hellip;<\/p>\n","protected":false},"author":1,"featured_media":0,"parent":0,"menu_order":0,"comment_status":"closed","ping_status":"closed","template":"","meta":{"footnotes":"","_wp_rev_ctl_limit":""},"class_list":["post-5110","page","type-page","status-publish","hentry"],"yoast_head":"<!-- This site is optimized with the Yoast SEO plugin v27.3 - https:\/\/yoast.com\/product\/yoast-seo-wordpress\/ -->\n<title>Penthouse &#8212; HOFGUT Apartment &amp; Lifestyle Resort \u2013 Wagrain Salzburg<\/title>\n<meta name=\"description\" content=\"Enjoy luxury living and well-being in the newly built penthouse design apartments \u25ba private sauna, flat-screen TV and smart view, free Wi-Fi\" \/>\n<meta name=\"robots\" content=\"noindex, follow, max-snippet:-1, max-image-preview:large, max-video-preview:-1\" \/>\n<meta property=\"og:locale\" content=\"en_US\" \/>\n<meta property=\"og:type\" content=\"article\" \/>\n<meta property=\"og:title\" content=\"Penthouse &#8212; HOFGUT Apartment &amp; Lifestyle Resort \u2013 Wagrain Salzburg\" \/>\n<meta property=\"og:description\" content=\"Enjoy luxury living and well-being in the newly built penthouse design apartments \u25ba private sauna, flat-screen TV and smart view, free Wi-Fi\" \/>\n<meta property=\"og:url\" content=\"https:\/\/paidstaging.hofgut.com\/en\/penthouse\/\" \/>\n<meta property=\"og:site_name\" content=\"HOFGUT Apartment &amp; Lifestyle Resort \u2013 Wagrain Salzburg\" \/>\n<meta property=\"article:publisher\" content=\"https:\/\/www.facebook.com\/hofgut.wagrain\" \/>\n<meta property=\"article:modified_time\" content=\"2024-11-25T10:52:58+00:00\" \/>\n<meta name=\"twitter:card\" content=\"summary_large_image\" \/>\n<meta name=\"twitter:label1\" content=\"Est. reading time\" \/>\n\t<meta name=\"twitter:data1\" content=\"2 minutes\" \/>\n<script type=\"application\/ld+json\" class=\"yoast-schema-graph\">{\"@context\":\"https:\\\/\\\/schema.org\",\"@graph\":[{\"@type\":\"WebPage\",\"@id\":\"https:\\\/\\\/paidstaging.hofgut.com\\\/en\\\/penthouse\\\/\",\"url\":\"https:\\\/\\\/paidstaging.hofgut.com\\\/en\\\/penthouse\\\/\",\"name\":\"Penthouse &#8212; HOFGUT Apartment &amp; Lifestyle Resort \u2013 Wagrain Salzburg\",\"isPartOf\":{\"@id\":\"https:\\\/\\\/paidstaging.hofgut.com\\\/en\\\/#website\"},\"datePublished\":\"2021-06-14T13:55:46+00:00\",\"dateModified\":\"2024-11-25T10:52:58+00:00\",\"description\":\"Enjoy luxury living and well-being in the newly built penthouse design apartments \u25ba private sauna, flat-screen TV and smart view, free Wi-Fi\",\"breadcrumb\":{\"@id\":\"https:\\\/\\\/paidstaging.hofgut.com\\\/en\\\/penthouse\\\/#breadcrumb\"},\"inLanguage\":\"en-US\",\"potentialAction\":[{\"@type\":\"ReadAction\",\"target\":[\"https:\\\/\\\/paidstaging.hofgut.com\\\/en\\\/penthouse\\\/\"]}]},{\"@type\":\"BreadcrumbList\",\"@id\":\"https:\\\/\\\/paidstaging.hofgut.com\\\/en\\\/penthouse\\\/#breadcrumb\",\"itemListElement\":[{\"@type\":\"ListItem\",\"position\":1,\"name\":\"Home\",\"item\":\"https:\\\/\\\/paidstaging.hofgut.com\\\/en\\\/\"},{\"@type\":\"ListItem\",\"position\":2,\"name\":\"Penthouse\"}]},{\"@type\":\"WebSite\",\"@id\":\"https:\\\/\\\/paidstaging.hofgut.com\\\/en\\\/#website\",\"url\":\"https:\\\/\\\/paidstaging.hofgut.com\\\/en\\\/\",\"name\":\"HOFGUT Apartment & Lifestyle Resort \u2013 Wagrain Salzburg\",\"description\":\"\",\"publisher\":{\"@id\":\"https:\\\/\\\/paidstaging.hofgut.com\\\/en\\\/#organization\"},\"potentialAction\":[{\"@type\":\"SearchAction\",\"target\":{\"@type\":\"EntryPoint\",\"urlTemplate\":\"https:\\\/\\\/paidstaging.hofgut.com\\\/en\\\/?s={search_term_string}\"},\"query-input\":{\"@type\":\"PropertyValueSpecification\",\"valueRequired\":true,\"valueName\":\"search_term_string\"}}],\"inLanguage\":\"en-US\"},{\"@type\":\"Organization\",\"@id\":\"https:\\\/\\\/paidstaging.hofgut.com\\\/en\\\/#organization\",\"name\":\"HOFGUT Apartment & Lifestyle Resort\",\"url\":\"https:\\\/\\\/paidstaging.hofgut.com\\\/en\\\/\",\"logo\":{\"@type\":\"ImageObject\",\"inLanguage\":\"en-US\",\"@id\":\"https:\\\/\\\/paidstaging.hofgut.com\\\/en\\\/#\\\/schema\\\/logo\\\/image\\\/\",\"url\":\"https:\\\/\\\/paidstaging.hofgut.com\\\/wp-content\\\/uploads\\\/2020\\\/12\\\/Hofgut-Logo-RGB-blau-gelb.svg\",\"contentUrl\":\"https:\\\/\\\/paidstaging.hofgut.com\\\/wp-content\\\/uploads\\\/2020\\\/12\\\/Hofgut-Logo-RGB-blau-gelb.svg\",\"width\":340,\"height\":221,\"caption\":\"HOFGUT Apartment & Lifestyle Resort\"},\"image\":{\"@id\":\"https:\\\/\\\/paidstaging.hofgut.com\\\/en\\\/#\\\/schema\\\/logo\\\/image\\\/\"},\"sameAs\":[\"https:\\\/\\\/www.facebook.com\\\/hofgut.wagrain\",\"https:\\\/\\\/www.instagram.com\\\/hofgut.wagrain\"]}]}<\/script>\n<!-- \/ Yoast SEO plugin. -->","yoast_head_json":{"title":"Penthouse &#8212; HOFGUT Apartment &amp; Lifestyle Resort \u2013 Wagrain Salzburg","description":"Enjoy luxury living and well-being in the newly built penthouse design apartments \u25ba private sauna, flat-screen TV and smart view, free Wi-Fi","robots":{"index":"noindex","follow":"follow","max-snippet":"max-snippet:-1","max-image-preview":"max-image-preview:large","max-video-preview":"max-video-preview:-1"},"og_locale":"en_US","og_type":"article","og_title":"Penthouse &#8212; HOFGUT Apartment &amp; Lifestyle Resort \u2013 Wagrain Salzburg","og_description":"Enjoy luxury living and well-being in the newly built penthouse design apartments \u25ba private sauna, flat-screen TV and smart view, free Wi-Fi","og_url":"https:\/\/paidstaging.hofgut.com\/en\/penthouse\/","og_site_name":"HOFGUT Apartment &amp; Lifestyle Resort \u2013 Wagrain Salzburg","article_publisher":"https:\/\/www.facebook.com\/hofgut.wagrain","article_modified_time":"2024-11-25T10:52:58+00:00","twitter_card":"summary_large_image","twitter_misc":{"Est. reading time":"2 minutes"},"schema":{"@context":"https:\/\/schema.org","@graph":[{"@type":"WebPage","@id":"https:\/\/paidstaging.hofgut.com\/en\/penthouse\/","url":"https:\/\/paidstaging.hofgut.com\/en\/penthouse\/","name":"Penthouse &#8212; HOFGUT Apartment &amp; Lifestyle Resort \u2013 Wagrain Salzburg","isPartOf":{"@id":"https:\/\/paidstaging.hofgut.com\/en\/#website"},"datePublished":"2021-06-14T13:55:46+00:00","dateModified":"2024-11-25T10:52:58+00:00","description":"Enjoy luxury living and well-being in the newly built penthouse design apartments \u25ba private sauna, flat-screen TV and smart view, free Wi-Fi","breadcrumb":{"@id":"https:\/\/paidstaging.hofgut.com\/en\/penthouse\/#breadcrumb"},"inLanguage":"en-US","potentialAction":[{"@type":"ReadAction","target":["https:\/\/paidstaging.hofgut.com\/en\/penthouse\/"]}]},{"@type":"BreadcrumbList","@id":"https:\/\/paidstaging.hofgut.com\/en\/penthouse\/#breadcrumb","itemListElement":[{"@type":"ListItem","position":1,"name":"Home","item":"https:\/\/paidstaging.hofgut.com\/en\/"},{"@type":"ListItem","position":2,"name":"Penthouse"}]},{"@type":"WebSite","@id":"https:\/\/paidstaging.hofgut.com\/en\/#website","url":"https:\/\/paidstaging.hofgut.com\/en\/","name":"HOFGUT Apartment & Lifestyle Resort \u2013 Wagrain Salzburg","description":"","publisher":{"@id":"https:\/\/paidstaging.hofgut.com\/en\/#organization"},"potentialAction":[{"@type":"SearchAction","target":{"@type":"EntryPoint","urlTemplate":"https:\/\/paidstaging.hofgut.com\/en\/?s={search_term_string}"},"query-input":{"@type":"PropertyValueSpecification","valueRequired":true,"valueName":"search_term_string"}}],"inLanguage":"en-US"},{"@type":"Organization","@id":"https:\/\/paidstaging.hofgut.com\/en\/#organization","name":"HOFGUT Apartment & Lifestyle Resort","url":"https:\/\/paidstaging.hofgut.com\/en\/","logo":{"@type":"ImageObject","inLanguage":"en-US","@id":"https:\/\/paidstaging.hofgut.com\/en\/#\/schema\/logo\/image\/","url":"https:\/\/paidstaging.hofgut.com\/wp-content\/uploads\/2020\/12\/Hofgut-Logo-RGB-blau-gelb.svg","contentUrl":"https:\/\/paidstaging.hofgut.com\/wp-content\/uploads\/2020\/12\/Hofgut-Logo-RGB-blau-gelb.svg","width":340,"height":221,"caption":"HOFGUT Apartment & Lifestyle Resort"},"image":{"@id":"https:\/\/paidstaging.hofgut.com\/en\/#\/schema\/logo\/image\/"},"sameAs":["https:\/\/www.facebook.com\/hofgut.wagrain","https:\/\/www.instagram.com\/hofgut.wagrain"]}]}},"_links":{"self":[{"href":"https:\/\/paidstaging.hofgut.com\/en\/wp-json\/wp\/v2\/pages\/5110","targetHints":{"allow":["GET"]}}],"collection":[{"href":"https:\/\/paidstaging.hofgut.com\/en\/wp-json\/wp\/v2\/pages"}],"about":[{"href":"https:\/\/paidstaging.hofgut.com\/en\/wp-json\/wp\/v2\/types\/page"}],"author":[{"embeddable":true,"href":"https:\/\/paidstaging.hofgut.com\/en\/wp-json\/wp\/v2\/users\/1"}],"replies":[{"embeddable":true,"href":"https:\/\/paidstaging.hofgut.com\/en\/wp-json\/wp\/v2\/comments?post=5110"}],"version-history":[{"count":0,"href":"https:\/\/paidstaging.hofgut.com\/en\/wp-json\/wp\/v2\/pages\/5110\/revisions"}],"wp:attachment":[{"href":"https:\/\/paidstaging.hofgut.com\/en\/wp-json\/wp\/v2\/media?parent=5110"}],"curies":[{"name":"wp","href":"https:\/\/api.w.org\/{rel}","templated":true}]}}