{"id":42216,"date":"2021-02-26T09:05:21","date_gmt":"2021-02-26T08:05:21","guid":{"rendered":"https:\/\/paidstaging.hofgut.com\/karriere\/"},"modified":"2025-05-15T13:30:16","modified_gmt":"2025-05-15T11:30:16","slug":"karriere","status":"publish","type":"page","link":"https:\/\/paidstaging.hofgut.com\/en\/karriere\/","title":{"rendered":"Karriere"},"content":{"rendered":"<div class=\"wpb-content-wrapper\">[vc_row thb_full_width=&#8221;true&#8221; content_placement=&#8221;top&#8221; parallax=&#8221;content-moving&#8221; bg_gradient_direction=&#8221;0&#8243; css=&#8221;.vc_custom_1746514682648{padding-top: 550px !important;background-image: url(https:\/\/paidstaging.hofgut.com\/wp-content\/uploads\/2025\/05\/Hofgut-wagrain-apartment-Kueche-1-scaled.webp?id=42211) !important;background-position: center;background-repeat: no-repeat !important;background-size: cover !important;}&#8221; bg_gradient1=&#8221;rgba(3,45,50,0.95)&#8221; bg_gradient2=&#8221;rgba(3,45,50,0.8)&#8221;][vc_column thb_color=&#8221;thb-light-column&#8221; animation=&#8221;animation buttom-to-top&#8221;][vc_row_inner css=&#8221;.vc_custom_1614170715295{background-position: center !important;background-repeat: no-repeat !important;background-size: cover !important;}&#8221;][vc_column_inner thb_color=&#8221;thb-light-column&#8221; animation=&#8221;animation bottom-to-top&#8221;][vc_empty_space height=&#8221;5vh&#8221;][vc_column_text css=&#8221;&#8221;]\n<h1>Career at Hofgut Wagrain<\/h1>\n[\/vc_column_text][vc_empty_space height=&#8221;5vh&#8221;][\/vc_column_inner][\/vc_row_inner][\/vc_column][\/vc_row][vc_row css=&#8221;.vc_custom_1618911012291{padding-top: 10vh !important;padding-bottom: 1vh !important;}&#8221; el_class=&#8221;magicwrap&#8221;][vc_column][vc_column_text css=&#8221;&#8221;]\n<h2>Your time for change &#8211; your chance for a vaMoose career!<\/h2>\n<p>Join us at the new <strong>Hofgut Apartment &amp; Lifestyle Resort<\/strong> and become part of a warm team that lives and breathes Alpine hospitality. We are looking for personalities with <strong>friendliness<\/strong>, <strong>motivation<\/strong> and <strong>the ability to work independently<\/strong> &#8211; the most important ingredients alongside your professional qualifications.[\/vc_column_text][\/vc_column][\/vc_row][vc_row el_class=&#8221;magicwrap&#8221;][vc_column width=&#8221;1\/2&#8243;][vc_column_text css=&#8221;&#8221;]\n<h3>Open positions:<\/h3>\n<ul>\n<li>Receptionist<\/li>\n<li>Reception assistant Saturday<\/li>\n<li>Chef de Rang<\/li>\n<li>Childcare employee<\/li>\n<li>Temporary help for flat cleaning<\/li>\n<\/ul>\n[\/vc_column_text][vc_column_text css=&#8221;&#8221;]\n<h3>Your benefits:<\/h3>\n<ul>\n<li>Regular working hours with a 5 or 6-day week<\/li>\n<li>Free catering in the morning and evening &#8211; even on days off<\/li>\n<li>Free catering for temporary staff on the temporary day<\/li>\n<li>Use of the Hofgut Resort leisure centre for full-time employees<\/li>\n<li>Accommodation in modern staff flats with their own room<\/li>\n<li>Very good remuneration depending on qualifications<\/li>\n<\/ul>\n[\/vc_column_text][\/vc_column][vc_column width=&#8221;1\/2&#8243;][vc_column_text css=&#8221;&#8221;]\n<h3>Job descriptions (PDF)<\/h3>\n[\/vc_column_text][vc_empty_space height=&#8221;1em&#8221;]\t<a id=\"thb-iconbox-69e185a2e59b0\" class=\"has-link thb-iconbox left type1     animation-true\" href=\"https:\/\/paidstaging.hofgut.com\/wp-content\/uploads\/2025\/04\/Vollzeit-Rezeption-2025.pdf\" target=\"_blank\" data-animation_speed=\"1.5\">\n\t\t\t\t<figure>\n\t\t\t<svg xmlns=\"http:\/\/www.w3.org\/2000\/svg\" viewBox=\"0 0 64 64\" enable-background=\"new 0 0 64 64\"><g fill=\"none\" stroke=\"#000\" stroke-width=\"2\" stroke-miterlimit=\"10\"><circle cx=\"29\" cy=\"19\" r=\"6\"\/><path d=\"m33 23l8 8\"\/><path d=\"M1 26 32 45.43 63 26\"\/><path d=\"m11.334 21.667l-10.334 4.333v37h62v-37l-10.334-4.333\"\/><path d=\"m11 32v-31h42v31\"\/><\/g><\/svg>\t\t\t\t\t\t\t\t<\/figure>\n\t\t\t\t<div class=\"iconbox-content\">\n\t\t\t\t\t\t\t<h5>RezeptionsmitarbeiterIn<\/h5>\t\t\t\t\t\t\t\t\t\t<span class=\"thb-read-more btn-text style5\">\n\t\t\t\t\t<span>Stellenbeschreibung<\/span>\n\t\t\t\t\t\t\t\t\t\t\t\t\t\t\t\t<div class=\"arrow\"><svg xmlns=\"http:\/\/www.w3.org\/2000\/svg\" xmlns:xlink=\"http:\/\/www.w3.org\/1999\/xlink\" x=\"0px\" y=\"0px\"\r\n\t width=\"30px\" height=\"18px\" viewBox=\"0 0 30 18\" enable-background=\"new 0 0 30 18\" xml:space=\"preserve\">\r\n<path class=\"handle\" d=\"M20.305,16.212c-0.407,0.409-0.407,1.071,0,1.479s1.068,0.408,1.476,0l7.914-7.952c0.408-0.409,0.408-1.071,0-1.481\r\n\tl-7.914-7.952c-0.407-0.409-1.068-0.409-1.476,0s-0.407,1.071,0,1.48l7.185,7.221L20.305,16.212z\"\/>\r\n<path class=\"bar\" fill-rule=\"evenodd\" clip-rule=\"evenodd\" d=\"M1,8h28.001c0.551,0,1,0.448,1,1c0,0.553-0.449,1-1,1H1c-0.553,0-1-0.447-1-1\r\n\tC0,8.448,0.447,8,1,8z\"\/>\r\n<\/svg>\r\n<\/div>\n\t\t\t\t\t\t\t\t\t<\/span>\n\t\t\t\t\t<\/div>\n\t\t<style>\n\t\t\t\t\t\t\t\t\t#thb-iconbox-69e185a2e59b0.thb-iconbox h5 {\n\t\t\t\tfont-size: 1.5em;\n\t\t\t}\n\t\t\t\t\t\t\t\t\t\t\t\t\t\t\t\t\t\t#thb-iconbox-69e185a2e59b0.thb-iconbox .iconbox-content h5,\n\t\t\t#thb-iconbox-69e185a2e59b0.thb-iconbox figure h5 {\n\t\t\t\tcolor: #032d32;\n\t\t\t}\n\t\t\t\t\t\t\t\t\t\/* Hover *\/\n\t\t\t\t\t\t\t\t\t\t\t<\/style>\n\t<\/a>\n\t[vc_empty_space height=&#8221;1em&#8221;]\t<a id=\"thb-iconbox-69e185a2e5bb8\" class=\"has-link thb-iconbox left type1     animation-true\" href=\"https:\/\/paidstaging.hofgut.com\/wp-content\/uploads\/2025\/04\/Wochenende-Rezeption-2025.pdf\" target=\"_blank\" data-animation_speed=\"1.5\">\n\t\t\t\t<figure>\n\t\t\t<svg xmlns=\"http:\/\/www.w3.org\/2000\/svg\" viewBox=\"0 0 64 64\" enable-background=\"new 0 0 64 64\"><g fill=\"none\" stroke=\"#000\" stroke-width=\"2\" stroke-miterlimit=\"10\"><circle cx=\"29\" cy=\"19\" r=\"6\"\/><path d=\"m33 23l8 8\"\/><path d=\"M1 26 32 45.43 63 26\"\/><path d=\"m11.334 21.667l-10.334 4.333v37h62v-37l-10.334-4.333\"\/><path d=\"m11 32v-31h42v31\"\/><\/g><\/svg>\t\t\t\t\t\t\t\t<\/figure>\n\t\t\t\t<div class=\"iconbox-content\">\n\t\t\t\t\t\t\t<h5>Aushilfe Rezeption Samstag<\/h5>\t\t\t\t\t\t\t\t\t\t<span class=\"thb-read-more btn-text style5\">\n\t\t\t\t\t<span>Stellenbeschreibung<\/span>\n\t\t\t\t\t\t\t\t\t\t\t\t\t\t\t\t<div class=\"arrow\"><svg xmlns=\"http:\/\/www.w3.org\/2000\/svg\" xmlns:xlink=\"http:\/\/www.w3.org\/1999\/xlink\" x=\"0px\" y=\"0px\"\r\n\t width=\"30px\" height=\"18px\" viewBox=\"0 0 30 18\" enable-background=\"new 0 0 30 18\" xml:space=\"preserve\">\r\n<path class=\"handle\" d=\"M20.305,16.212c-0.407,0.409-0.407,1.071,0,1.479s1.068,0.408,1.476,0l7.914-7.952c0.408-0.409,0.408-1.071,0-1.481\r\n\tl-7.914-7.952c-0.407-0.409-1.068-0.409-1.476,0s-0.407,1.071,0,1.48l7.185,7.221L20.305,16.212z\"\/>\r\n<path class=\"bar\" fill-rule=\"evenodd\" clip-rule=\"evenodd\" d=\"M1,8h28.001c0.551,0,1,0.448,1,1c0,0.553-0.449,1-1,1H1c-0.553,0-1-0.447-1-1\r\n\tC0,8.448,0.447,8,1,8z\"\/>\r\n<\/svg>\r\n<\/div>\n\t\t\t\t\t\t\t\t\t<\/span>\n\t\t\t\t\t<\/div>\n\t\t<style>\n\t\t\t\t\t\t\t\t\t#thb-iconbox-69e185a2e5bb8.thb-iconbox h5 {\n\t\t\t\tfont-size: 1.5em;\n\t\t\t}\n\t\t\t\t\t\t\t\t\t\t\t\t\t\t\t\t\t\t#thb-iconbox-69e185a2e5bb8.thb-iconbox .iconbox-content h5,\n\t\t\t#thb-iconbox-69e185a2e5bb8.thb-iconbox figure h5 {\n\t\t\t\tcolor: #032d32;\n\t\t\t}\n\t\t\t\t\t\t\t\t\t\/* Hover *\/\n\t\t\t\t\t\t\t\t\t\t\t<\/style>\n\t<\/a>\n\t[vc_empty_space height=&#8221;1em&#8221;]\t<a id=\"thb-iconbox-69e185a2e5d5b\" class=\"has-link thb-iconbox left type1     animation-true\" href=\"https:\/\/paidstaging.hofgut.com\/wp-content\/uploads\/2025\/04\/Chef-de-Rang-2025.pdf\" target=\"_blank\" data-animation_speed=\"1.5\">\n\t\t\t\t<figure>\n\t\t\t<svg xmlns=\"http:\/\/www.w3.org\/2000\/svg\" viewBox=\"0 0 64 64\" enable-background=\"new 0 0 64 64\"><g fill=\"none\" stroke=\"#000\" stroke-width=\"2\" stroke-miterlimit=\"10\"><circle cx=\"29\" cy=\"19\" r=\"6\"\/><path d=\"m33 23l8 8\"\/><path d=\"M1 26 32 45.43 63 26\"\/><path d=\"m11.334 21.667l-10.334 4.333v37h62v-37l-10.334-4.333\"\/><path d=\"m11 32v-31h42v31\"\/><\/g><\/svg>\t\t\t\t\t\t\t\t<\/figure>\n\t\t\t\t<div class=\"iconbox-content\">\n\t\t\t\t\t\t\t<h5>Chef de Rang<\/h5>\t\t\t\t\t\t\t\t\t\t<span class=\"thb-read-more btn-text style5\">\n\t\t\t\t\t<span>Stellenbeschreibung<\/span>\n\t\t\t\t\t\t\t\t\t\t\t\t\t\t\t\t<div class=\"arrow\"><svg xmlns=\"http:\/\/www.w3.org\/2000\/svg\" xmlns:xlink=\"http:\/\/www.w3.org\/1999\/xlink\" x=\"0px\" y=\"0px\"\r\n\t width=\"30px\" height=\"18px\" viewBox=\"0 0 30 18\" enable-background=\"new 0 0 30 18\" xml:space=\"preserve\">\r\n<path class=\"handle\" d=\"M20.305,16.212c-0.407,0.409-0.407,1.071,0,1.479s1.068,0.408,1.476,0l7.914-7.952c0.408-0.409,0.408-1.071,0-1.481\r\n\tl-7.914-7.952c-0.407-0.409-1.068-0.409-1.476,0s-0.407,1.071,0,1.48l7.185,7.221L20.305,16.212z\"\/>\r\n<path class=\"bar\" fill-rule=\"evenodd\" clip-rule=\"evenodd\" d=\"M1,8h28.001c0.551,0,1,0.448,1,1c0,0.553-0.449,1-1,1H1c-0.553,0-1-0.447-1-1\r\n\tC0,8.448,0.447,8,1,8z\"\/>\r\n<\/svg>\r\n<\/div>\n\t\t\t\t\t\t\t\t\t<\/span>\n\t\t\t\t\t<\/div>\n\t\t<style>\n\t\t\t\t\t\t\t\t\t#thb-iconbox-69e185a2e5d5b.thb-iconbox h5 {\n\t\t\t\tfont-size: 1.5em;\n\t\t\t}\n\t\t\t\t\t\t\t\t\t\t\t\t\t\t\t\t\t\t#thb-iconbox-69e185a2e5d5b.thb-iconbox .iconbox-content h5,\n\t\t\t#thb-iconbox-69e185a2e5d5b.thb-iconbox figure h5 {\n\t\t\t\tcolor: #032d32;\n\t\t\t}\n\t\t\t\t\t\t\t\t\t\/* Hover *\/\n\t\t\t\t\t\t\t\t\t\t\t<\/style>\n\t<\/a>\n\t[vc_empty_space height=&#8221;1em&#8221;]\t<a id=\"thb-iconbox-69e185a2e5ef0\" class=\"has-link thb-iconbox left type1     animation-true\" href=\"https:\/\/paidstaging.hofgut.com\/wp-content\/uploads\/2023\/10\/Aushilfen-fuer-die-Apartmentreinigung-2023.pdf\" target=\"_blank\" data-animation_speed=\"1.5\">\n\t\t\t\t<figure>\n\t\t\t<svg xmlns=\"http:\/\/www.w3.org\/2000\/svg\" viewBox=\"0 0 64 64\" enable-background=\"new 0 0 64 64\"><g fill=\"none\" stroke=\"#000\" stroke-width=\"2\" stroke-miterlimit=\"10\"><circle cx=\"29\" cy=\"19\" r=\"6\"\/><path d=\"m33 23l8 8\"\/><path d=\"M1 26 32 45.43 63 26\"\/><path d=\"m11.334 21.667l-10.334 4.333v37h62v-37l-10.334-4.333\"\/><path d=\"m11 32v-31h42v31\"\/><\/g><\/svg>\t\t\t\t\t\t\t\t<\/figure>\n\t\t\t\t<div class=\"iconbox-content\">\n\t\t\t\t\t\t\t<h5>Aushilfe f\u00fcr die Apartmentreinigung<\/h5>\t\t\t\t\t\t\t\t\t\t<span class=\"thb-read-more btn-text style5\">\n\t\t\t\t\t<span>Stellenbeschreibung<\/span>\n\t\t\t\t\t\t\t\t\t\t\t\t\t\t\t\t<div class=\"arrow\"><svg xmlns=\"http:\/\/www.w3.org\/2000\/svg\" xmlns:xlink=\"http:\/\/www.w3.org\/1999\/xlink\" x=\"0px\" y=\"0px\"\r\n\t width=\"30px\" height=\"18px\" viewBox=\"0 0 30 18\" enable-background=\"new 0 0 30 18\" xml:space=\"preserve\">\r\n<path class=\"handle\" d=\"M20.305,16.212c-0.407,0.409-0.407,1.071,0,1.479s1.068,0.408,1.476,0l7.914-7.952c0.408-0.409,0.408-1.071,0-1.481\r\n\tl-7.914-7.952c-0.407-0.409-1.068-0.409-1.476,0s-0.407,1.071,0,1.48l7.185,7.221L20.305,16.212z\"\/>\r\n<path class=\"bar\" fill-rule=\"evenodd\" clip-rule=\"evenodd\" d=\"M1,8h28.001c0.551,0,1,0.448,1,1c0,0.553-0.449,1-1,1H1c-0.553,0-1-0.447-1-1\r\n\tC0,8.448,0.447,8,1,8z\"\/>\r\n<\/svg>\r\n<\/div>\n\t\t\t\t\t\t\t\t\t<\/span>\n\t\t\t\t\t<\/div>\n\t\t<style>\n\t\t\t\t\t\t\t\t\t#thb-iconbox-69e185a2e5ef0.thb-iconbox h5 {\n\t\t\t\tfont-size: 1.5em;\n\t\t\t}\n\t\t\t\t\t\t\t\t\t\t\t\t\t\t\t\t\t\t#thb-iconbox-69e185a2e5ef0.thb-iconbox .iconbox-content h5,\n\t\t\t#thb-iconbox-69e185a2e5ef0.thb-iconbox figure h5 {\n\t\t\t\tcolor: #032d32;\n\t\t\t}\n\t\t\t\t\t\t\t\t\t\/* Hover *\/\n\t\t\t\t\t\t\t\t\t\t\t<\/style>\n\t<\/a>\n\t[vc_empty_space height=&#8221;1em&#8221;][\/vc_column][\/vc_row][vc_row thb_full_width=&#8221;true&#8221; thb_column_padding=&#8221;true&#8221; css=&#8221;.vc_custom_1613130112297{padding-top: 15vh !important;padding-bottom: 15vh !important;}&#8221; el_id=&#8221;instagram&#8221; el_class=&#8221;hgdark magicwrap&#8221;][vc_column thb_color=&#8221;thb-light-column&#8221;][vc_row_inner][vc_column_inner width=&#8221;5\/6&#8243; animation=&#8221;animation bottom-to-top&#8221;][vc_column_text css=&#8221;&#8221;]Instagram<\/p>\n<h2>Social life is a big issue for us. Join us on our personal journey to a new place of well-being.<\/h2>\n<h3 class=\"p1\">#hofgutfortschritt #hofgutlifestyle<\/h3>\n[\/vc_column_text][\/vc_column_inner][\/vc_row_inner][vc_empty_space][vc_row_inner][vc_column_inner thb_color=&#8221;thb-light-column&#8221; animation=&#8221;animation bottom-to-top&#8221;][vc_raw_html]JTNDZGl2JTIwaWQlM0QlMjJmbG9ja2xlci1lbWJlZC0xNzY0YzlkMGRmMjAzMWFmYTQ5ZjAwMDAwYjVkZWJjMiUyMiUzRSUzQyUyRmRpdiUzRSUwQSUzQ3NjcmlwdCUyMHNyYyUzRCUyMmh0dHBzJTNBJTJGJTJGcGx1Z2lucy5mbG9ja2xlci5jb20lMkZlbWJlZCUyRjE3NWIxYjNmMzcwMDEzYzhjNWU3YTJlMTkxZTE0MGNlJTJGMTc2NGM5ZDBkZjIwMzFhZmE0OWYwMDAwMGI1ZGViYzIlMjIlMjBhc3luYyUzRSUzQyUyRnNjcmlwdCUzRQ==[\/vc_raw_html][\/vc_column_inner][\/vc_row_inner][\/vc_column][\/vc_row][vc_row disable_element=&#8221;yes&#8221;][vc_column]\n<div class=\"wpcf7 no-js\" id=\"wpcf7-f1079-o1\" lang=\"de-DE\" dir=\"ltr\" data-wpcf7-id=\"1079\">\n<div class=\"screen-reader-response\"><p role=\"status\" aria-live=\"polite\" aria-atomic=\"true\"><\/p> <ul><\/ul><\/div>\n<form action=\"\/en\/wp-json\/wp\/v2\/pages\/42216#wpcf7-f1079-o1\" method=\"post\" class=\"wpcf7-form init cmonitor-ext-0.4.67\" aria-label=\"Kontaktformular\" novalidate=\"novalidate\" data-status=\"init\">\n<fieldset class=\"hidden-fields-container\"><input type=\"hidden\" name=\"_wpcf7\" value=\"1079\" \/><input type=\"hidden\" name=\"_wpcf7_version\" value=\"6.1.5\" \/><input type=\"hidden\" name=\"_wpcf7_locale\" value=\"de_DE\" \/><input type=\"hidden\" name=\"_wpcf7_unit_tag\" value=\"wpcf7-f1079-o1\" \/><input type=\"hidden\" name=\"_wpcf7_container_post\" value=\"0\" \/><input type=\"hidden\" name=\"_wpcf7_posted_data_hash\" value=\"\" \/><input type=\"hidden\" name=\"_wpcf7_recaptcha_response\" value=\"\" \/>\n<\/fieldset>\n<fieldset>\n\t<legend>\n\t\t<h3>Kontaktformular\n\t\t<\/h3>\n\t<\/legend>\n\t<p><label for=\"your-name\">Ihr Name<\/label><br \/>\n<span class=\"wpcf7-form-control-wrap\" data-name=\"your-name\"><input size=\"40\" maxlength=\"400\" class=\"wpcf7-form-control wpcf7-text wpcf7-validates-as-required full\" id=\"your-name\" aria-required=\"true\" aria-invalid=\"false\" value=\"\" type=\"text\" name=\"your-name\" \/><\/span>\n\t<\/p>\n\t<p><label for=\"your-email\">Ihre E-Mail-Adresse<\/label><br \/>\n<span class=\"wpcf7-form-control-wrap\" data-name=\"your-email\"><input size=\"40\" maxlength=\"400\" class=\"wpcf7-form-control wpcf7-email wpcf7-validates-as-required wpcf7-text wpcf7-validates-as-email full\" id=\"your-email\" aria-required=\"true\" aria-invalid=\"false\" value=\"\" type=\"email\" name=\"your-email\" \/><\/span>\n\t<\/p>\n\t<p><label for=\"your-message\">Ihre Nachricht<\/label><br \/>\n<span class=\"wpcf7-form-control-wrap\" data-name=\"your-message\"><textarea cols=\"40\" rows=\"10\" maxlength=\"2000\" class=\"wpcf7-form-control wpcf7-textarea full\" id=\"your-message\" aria-invalid=\"false\" name=\"your-message\"><\/textarea><\/span>\n\t<\/p>\n<\/fieldset>\n<p><span class=\"wpcf7-form-control-wrap\" data-name=\"zustimmung\"><span class=\"wpcf7-form-control wpcf7-acceptance\"><span class=\"wpcf7-list-item\"><label><input type=\"checkbox\" name=\"zustimmung\" value=\"1\" aria-invalid=\"false\" \/><span class=\"wpcf7-list-item-label\">Ich habe die <a href=\"\/datenschutzerklaerung\" target=\"_blank\" rel=\"noopener\">Datenschutzerkl\u00e4rung<\/a> gelesen und stimme der Verarbeitung meiner E-Mail-Adresse zu.<\/span><\/label><\/span><\/span><\/span>\n<\/p>\n<p><span class=\"wpcf7-form-control-wrap\" data-name=\"newsletter\"><span class=\"wpcf7-form-control wpcf7-acceptance optional\"><span class=\"wpcf7-list-item\"><label><input type=\"checkbox\" name=\"newsletter\" value=\"1\" aria-invalid=\"false\" \/><span class=\"wpcf7-list-item-label\">Ja, ich m\u00f6chte zuk\u00fcnftig \u00fcber aktuelle Pauschalen, Angebote & Neuigkeiten per E-Mail informiert werden. Eine Abmeldung ist jederzeit m\u00f6glich.<\/span><\/label><\/span><\/span><\/span>\n<\/p>\n<p><input class=\"wpcf7-form-control wpcf7-submit has-spinner btn\" type=\"submit\" value=\"Nachricht senden\" \/>\n<\/p><div class=\"wpcf7-response-output\" aria-hidden=\"true\"><\/div><p style=\"display: none !important\"><span class=\"wpcf7-form-control-wrap referer-page\"><input type=\"text\" name=\"referer-page\" value=\"http:\/\/Direct%20Visit\" data-value=\"http:\/\/Direct%20Visit\" size=\"40\" class=\"wpcf7-form-control wpcf7-text referer-page\" aria-invalid=\"false\"><\/span><\/p>\n<!-- campaignmonitor extension by Renzo Johnson -->\n<\/form>\n<\/div>\n[\/vc_column][\/vc_row]\n<\/div>","protected":false},"excerpt":{"rendered":"<p>[vc_row thb_full_width=&#8221;true&#8221; content_placement=&#8221;top&#8221; parallax=&#8221;content-moving&#8221; bg_gradient_direction=&#8221;0&#8243; css=&#8221;.vc_custom_1746514682648{padding-top: 550px !important;background-image: url(https:\/\/paidstaging.hofgut.com\/wp-content\/uploads\/2025\/05\/Hofgut-wagrain-apartment-Kueche-1-scaled.webp?id=42211) !important;background-position: center;background-repeat: no-repeat !important;background-size: cover !important;}&#8221; bg_gradient1=&#8221;rgba(3,45,50,0.95)&#8221; bg_gradient2=&#8221;rgba(3,45,50,0.8)&#8221;][vc_column thb_color=&#8221;thb-light-column&#8221; animation=&#8221;animation buttom-to-top&#8221;][vc_row_inner css=&#8221;.vc_custom_1614170715295{background-position: center !important;background-repeat: no-repeat !important;background-size: cover !important;}&#8221;][vc_column_inner thb_color=&#8221;thb-light-column&#8221; animation=&#8221;animation bottom-to-top&#8221;][vc_empty_space height=&#8221;5vh&#8221;][vc_column_text css=&#8221;&#8221;] Career at Hofgut Wagrain [\/vc_column_text][vc_empty_space height=&#8221;5vh&#8221;][\/vc_column_inner][\/vc_row_inner][\/vc_column][\/vc_row][vc_row css=&#8221;.vc_custom_1618911012291{padding-top: 10vh !important;padding-bottom: 1vh !important;}&#8221; el_class=&#8221;magicwrap&#8221;][vc_column][vc_column_text css=&#8221;&#8221;] Your time for change &#8211; your chance for a vaMoose&hellip;<\/p>\n","protected":false},"author":1,"featured_media":0,"parent":0,"menu_order":0,"comment_status":"closed","ping_status":"closed","template":"","meta":{"footnotes":"","_wp_rev_ctl_limit":""},"class_list":["post-42216","page","type-page","status-publish","hentry"],"yoast_head":"<!-- This site is optimized with the Yoast SEO plugin v27.3 - https:\/\/yoast.com\/product\/yoast-seo-wordpress\/ -->\n<title>Karriere im Aparthotel Hofgut Wagrain \u2013 Jetzt bewerben!<\/title>\n<meta name=\"description\" content=\"Starten Sie mit uns Ihre Karriere im neuen Hofgut Apartment &amp; Lifestyle Resort und haben Sie eine vaMoose Zeit!\" \/>\n<meta name=\"robots\" content=\"noindex, follow, max-snippet:-1, max-image-preview:large, max-video-preview:-1\" \/>\n<meta property=\"og:locale\" content=\"en_US\" \/>\n<meta property=\"og:type\" content=\"article\" \/>\n<meta property=\"og:title\" content=\"Karriere im Aparthotel Hofgut Wagrain \u2013 Jetzt bewerben!\" \/>\n<meta property=\"og:description\" content=\"Starten Sie mit uns Ihre Karriere im neuen Hofgut Apartment &amp; Lifestyle Resort und haben Sie eine vaMoose Zeit!\" \/>\n<meta property=\"og:url\" content=\"https:\/\/paidstaging.hofgut.com\/en\/karriere\/\" \/>\n<meta property=\"og:site_name\" content=\"HOFGUT Apartment &amp; Lifestyle Resort \u2013 Wagrain Salzburg\" \/>\n<meta property=\"article:publisher\" content=\"https:\/\/www.facebook.com\/hofgut.wagrain\" \/>\n<meta property=\"article:modified_time\" content=\"2025-05-15T11:30:16+00:00\" \/>\n<meta name=\"twitter:card\" content=\"summary_large_image\" \/>\n<meta name=\"twitter:label1\" content=\"Est. reading time\" \/>\n\t<meta name=\"twitter:data1\" content=\"2 minutes\" \/>\n<script type=\"application\/ld+json\" class=\"yoast-schema-graph\">{\"@context\":\"https:\\\/\\\/schema.org\",\"@graph\":[{\"@type\":\"WebPage\",\"@id\":\"https:\\\/\\\/paidstaging.hofgut.com\\\/en\\\/karriere\\\/\",\"url\":\"https:\\\/\\\/paidstaging.hofgut.com\\\/en\\\/karriere\\\/\",\"name\":\"Karriere im Aparthotel Hofgut Wagrain \u2013 Jetzt bewerben!\",\"isPartOf\":{\"@id\":\"https:\\\/\\\/paidstaging.hofgut.com\\\/en\\\/#website\"},\"datePublished\":\"2021-02-26T08:05:21+00:00\",\"dateModified\":\"2025-05-15T11:30:16+00:00\",\"description\":\"Starten Sie mit uns Ihre Karriere im neuen Hofgut Apartment & Lifestyle Resort und haben Sie eine vaMoose Zeit!\",\"breadcrumb\":{\"@id\":\"https:\\\/\\\/paidstaging.hofgut.com\\\/en\\\/karriere\\\/#breadcrumb\"},\"inLanguage\":\"en-US\",\"potentialAction\":[{\"@type\":\"ReadAction\",\"target\":[\"https:\\\/\\\/paidstaging.hofgut.com\\\/en\\\/karriere\\\/\"]}]},{\"@type\":\"BreadcrumbList\",\"@id\":\"https:\\\/\\\/paidstaging.hofgut.com\\\/en\\\/karriere\\\/#breadcrumb\",\"itemListElement\":[{\"@type\":\"ListItem\",\"position\":1,\"name\":\"Home\",\"item\":\"https:\\\/\\\/paidstaging.hofgut.com\\\/en\\\/\"},{\"@type\":\"ListItem\",\"position\":2,\"name\":\"Karriere\"}]},{\"@type\":\"WebSite\",\"@id\":\"https:\\\/\\\/paidstaging.hofgut.com\\\/en\\\/#website\",\"url\":\"https:\\\/\\\/paidstaging.hofgut.com\\\/en\\\/\",\"name\":\"HOFGUT Apartment & Lifestyle Resort \u2013 Wagrain Salzburg\",\"description\":\"\",\"publisher\":{\"@id\":\"https:\\\/\\\/paidstaging.hofgut.com\\\/en\\\/#organization\"},\"potentialAction\":[{\"@type\":\"SearchAction\",\"target\":{\"@type\":\"EntryPoint\",\"urlTemplate\":\"https:\\\/\\\/paidstaging.hofgut.com\\\/en\\\/?s={search_term_string}\"},\"query-input\":{\"@type\":\"PropertyValueSpecification\",\"valueRequired\":true,\"valueName\":\"search_term_string\"}}],\"inLanguage\":\"en-US\"},{\"@type\":\"Organization\",\"@id\":\"https:\\\/\\\/paidstaging.hofgut.com\\\/en\\\/#organization\",\"name\":\"HOFGUT Apartment & Lifestyle Resort\",\"url\":\"https:\\\/\\\/paidstaging.hofgut.com\\\/en\\\/\",\"logo\":{\"@type\":\"ImageObject\",\"inLanguage\":\"en-US\",\"@id\":\"https:\\\/\\\/paidstaging.hofgut.com\\\/en\\\/#\\\/schema\\\/logo\\\/image\\\/\",\"url\":\"https:\\\/\\\/paidstaging.hofgut.com\\\/wp-content\\\/uploads\\\/2020\\\/12\\\/Hofgut-Logo-RGB-blau-gelb.svg\",\"contentUrl\":\"https:\\\/\\\/paidstaging.hofgut.com\\\/wp-content\\\/uploads\\\/2020\\\/12\\\/Hofgut-Logo-RGB-blau-gelb.svg\",\"width\":340,\"height\":221,\"caption\":\"HOFGUT Apartment & Lifestyle Resort\"},\"image\":{\"@id\":\"https:\\\/\\\/paidstaging.hofgut.com\\\/en\\\/#\\\/schema\\\/logo\\\/image\\\/\"},\"sameAs\":[\"https:\\\/\\\/www.facebook.com\\\/hofgut.wagrain\",\"https:\\\/\\\/www.instagram.com\\\/hofgut.wagrain\"]}]}<\/script>\n<!-- \/ Yoast SEO plugin. -->","yoast_head_json":{"title":"Karriere im Aparthotel Hofgut Wagrain \u2013 Jetzt bewerben!","description":"Starten Sie mit uns Ihre Karriere im neuen Hofgut Apartment & Lifestyle Resort und haben Sie eine vaMoose Zeit!","robots":{"index":"noindex","follow":"follow","max-snippet":"max-snippet:-1","max-image-preview":"max-image-preview:large","max-video-preview":"max-video-preview:-1"},"og_locale":"en_US","og_type":"article","og_title":"Karriere im Aparthotel Hofgut Wagrain \u2013 Jetzt bewerben!","og_description":"Starten Sie mit uns Ihre Karriere im neuen Hofgut Apartment & Lifestyle Resort und haben Sie eine vaMoose Zeit!","og_url":"https:\/\/paidstaging.hofgut.com\/en\/karriere\/","og_site_name":"HOFGUT Apartment &amp; Lifestyle Resort \u2013 Wagrain Salzburg","article_publisher":"https:\/\/www.facebook.com\/hofgut.wagrain","article_modified_time":"2025-05-15T11:30:16+00:00","twitter_card":"summary_large_image","twitter_misc":{"Est. reading time":"2 minutes"},"schema":{"@context":"https:\/\/schema.org","@graph":[{"@type":"WebPage","@id":"https:\/\/paidstaging.hofgut.com\/en\/karriere\/","url":"https:\/\/paidstaging.hofgut.com\/en\/karriere\/","name":"Karriere im Aparthotel Hofgut Wagrain \u2013 Jetzt bewerben!","isPartOf":{"@id":"https:\/\/paidstaging.hofgut.com\/en\/#website"},"datePublished":"2021-02-26T08:05:21+00:00","dateModified":"2025-05-15T11:30:16+00:00","description":"Starten Sie mit uns Ihre Karriere im neuen Hofgut Apartment & Lifestyle Resort und haben Sie eine vaMoose Zeit!","breadcrumb":{"@id":"https:\/\/paidstaging.hofgut.com\/en\/karriere\/#breadcrumb"},"inLanguage":"en-US","potentialAction":[{"@type":"ReadAction","target":["https:\/\/paidstaging.hofgut.com\/en\/karriere\/"]}]},{"@type":"BreadcrumbList","@id":"https:\/\/paidstaging.hofgut.com\/en\/karriere\/#breadcrumb","itemListElement":[{"@type":"ListItem","position":1,"name":"Home","item":"https:\/\/paidstaging.hofgut.com\/en\/"},{"@type":"ListItem","position":2,"name":"Karriere"}]},{"@type":"WebSite","@id":"https:\/\/paidstaging.hofgut.com\/en\/#website","url":"https:\/\/paidstaging.hofgut.com\/en\/","name":"HOFGUT Apartment & Lifestyle Resort \u2013 Wagrain Salzburg","description":"","publisher":{"@id":"https:\/\/paidstaging.hofgut.com\/en\/#organization"},"potentialAction":[{"@type":"SearchAction","target":{"@type":"EntryPoint","urlTemplate":"https:\/\/paidstaging.hofgut.com\/en\/?s={search_term_string}"},"query-input":{"@type":"PropertyValueSpecification","valueRequired":true,"valueName":"search_term_string"}}],"inLanguage":"en-US"},{"@type":"Organization","@id":"https:\/\/paidstaging.hofgut.com\/en\/#organization","name":"HOFGUT Apartment & Lifestyle Resort","url":"https:\/\/paidstaging.hofgut.com\/en\/","logo":{"@type":"ImageObject","inLanguage":"en-US","@id":"https:\/\/paidstaging.hofgut.com\/en\/#\/schema\/logo\/image\/","url":"https:\/\/paidstaging.hofgut.com\/wp-content\/uploads\/2020\/12\/Hofgut-Logo-RGB-blau-gelb.svg","contentUrl":"https:\/\/paidstaging.hofgut.com\/wp-content\/uploads\/2020\/12\/Hofgut-Logo-RGB-blau-gelb.svg","width":340,"height":221,"caption":"HOFGUT Apartment & Lifestyle Resort"},"image":{"@id":"https:\/\/paidstaging.hofgut.com\/en\/#\/schema\/logo\/image\/"},"sameAs":["https:\/\/www.facebook.com\/hofgut.wagrain","https:\/\/www.instagram.com\/hofgut.wagrain"]}]}},"_links":{"self":[{"href":"https:\/\/paidstaging.hofgut.com\/en\/wp-json\/wp\/v2\/pages\/42216","targetHints":{"allow":["GET"]}}],"collection":[{"href":"https:\/\/paidstaging.hofgut.com\/en\/wp-json\/wp\/v2\/pages"}],"about":[{"href":"https:\/\/paidstaging.hofgut.com\/en\/wp-json\/wp\/v2\/types\/page"}],"author":[{"embeddable":true,"href":"https:\/\/paidstaging.hofgut.com\/en\/wp-json\/wp\/v2\/users\/1"}],"replies":[{"embeddable":true,"href":"https:\/\/paidstaging.hofgut.com\/en\/wp-json\/wp\/v2\/comments?post=42216"}],"version-history":[{"count":0,"href":"https:\/\/paidstaging.hofgut.com\/en\/wp-json\/wp\/v2\/pages\/42216\/revisions"}],"wp:attachment":[{"href":"https:\/\/paidstaging.hofgut.com\/en\/wp-json\/wp\/v2\/media?parent=42216"}],"curies":[{"name":"wp","href":"https:\/\/api.w.org\/{rel}","templated":true}]}}