{"id":3445,"date":"2020-12-10T14:55:31","date_gmt":"2020-12-10T13:55:31","guid":{"rendered":"https:\/\/paidstaging.hofgut.com\/?page_id=3445"},"modified":"2024-11-25T11:44:05","modified_gmt":"2024-11-25T10:44:05","slug":"legal-notice","status":"publish","type":"page","link":"https:\/\/paidstaging.hofgut.com\/en\/legal-notice\/","title":{"rendered":"Legal Notice"},"content":{"rendered":"<div class=\"wpb-content-wrapper\">[vc_row css=&#8221;.vc_custom_1615215808660{padding-top: 200px !important;padding-bottom: 10vh !important;}&#8221;][vc_column thb_color=&#8221;thb-light-column&#8221;][vc_column_text]<strong>Hofgut Touristik GmbH<\/strong><br \/>\nWagrainerstra\u00dfe 24<br \/>\n5602 Wagrain<br \/>\n\u00d6sterreich<\/p>\n<p><strong>Phone:<\/strong>\u00a0<a title=\"Telefon\" href=\"tel:004364138824\">0043 6413 8824<\/a><br \/>\n<strong>Fax:<\/strong>\u00a00043 6413 8824-11<\/p>\n<p><strong>E-Mail:<\/strong>\u00a0<a href=\"mailto:info@hofgut.com\">info@hofgut.com<\/a><\/p>\n<p><strong>Company name<\/strong>: Hofgut Touristik GmbH<br \/>\n<strong>Commercial register number<\/strong>: FN283681<br \/>\n<strong>VAT-ID<\/strong>: ATU 62863388<br \/>\n<strong>Commercial register court<\/strong>: Landesgericht Salzburg<br \/>\n<strong>Authority according to ECG<\/strong>: Bezirkshauptmannschaft St. Johann im Pongau<br \/>\n<strong>Section<\/strong>: Hotellerie<br \/>\n<strong>Chamber affiliations<\/strong>: Wirtschaftskammer Salzburg<br \/>\n<b>D-U-N-S \u00ae No.: 30-165-7453<\/b><\/p>\n<p><a title=\"Firmen WKO\" href=\"https:\/\/firmen.wko.at\/Web\/DetailsKontakt.aspx?FirmaID=233e3b46-5dc8-40ae-aea1-072ba8acc2c4&amp;Suchbegriff=Wurzenrainer&amp;StandortID=0&amp;CategoryID=0&amp;Page=1\" target=\"_blank\" rel=\"noopener\">Duty to provide information in accordance with Section 5 (1) of the E-Commerce Act<\/a><\/p>\n<h2>INFORMATION ON ONLINE DISPUTE RESOLUTION ACCORDING TO ART. 14 para. 1 ODR-V<\/h2>\n<p>The EU Commission offers the possibility of online dispute resolution on a platform operated by it (so-called &#8220;OS platform&#8221;). The OS platform can serve as a point of contact for the out-of-court settlement of disputes arising from online sales contracts or service contracts. This platform can be reached via the external link\u00a0<a title=\"Externer Link zur Plattform zur Online-Streitbeilegung der Europ\u00e4ischen Kommission\" href=\"http:\/\/ec.europa.eu\/consumers\/odr\" target=\"_blank\" rel=\"noopener\">http:\/\/ec.europa.eu\/consumers\/odr<\/a>\u00a0zu erreichen.<\/p>\n<h2>PICTURE CREDITS<\/h2>\n<p><a href=\"https:\/\/www.selinaflasch.com\/\">S<\/a><a href=\"https:\/\/www.selinaflasch.com\/\">elina Flasch<\/a>, <a href=\"https:\/\/www.salzburgerland.com\">SalzburgerLand Tourismus<\/a>, <a href=\"https:\/\/www.istockphoto.com\/de\">iStockphoto.com<\/a>, <a href=\"https:\/\/www.wagrain-kleinarl.at\">Wagrain-Kleinarl Tourismus,<\/a> <a href=\"https:\/\/www.snow-space.com\/de\">Snow Space Salzburg,<\/a> <a href=\"https:\/\/www.shutterstock.com\/\">Shutterstock.com<\/a>, Nathalie Schaidreiter, <a href=\"https:\/\/unsplash.com\/\">Unsplash<\/a>, <a href=\"https:\/\/www.pexels.com\/\">Pexels,<\/a>\u00a0Video by\u00a0<a href=\"https:\/\/www.pexels.com\/@rhys-abel-2233101?utm_content=attributionCopyText&amp;utm_medium=referral&amp;utm_source=pexels\">Rhys Abel<\/a>, <a href=\"https:\/\/elisabeth-fotografie.com\/contact\/\">Elisabeth Fotografie<\/a><\/p>\n<h2>PRIVACY<\/h2>\n<p>Data protection is important to us, which is why the protection of your data is important to us. You can find all information on this in our <a href=\"https:\/\/paidstaging.hofgut.com\/en\/privacy-policy\/\">data protection declaration<\/a>.<\/p>\n<h2>Brand development, corporate design, web design<\/h2>\n<p><strong><a title=\"Werbeagentur Gipfelgold St. Johann im Pongau\" href=\"https:\/\/www.gipfelgold.com\/\">GIPFELGOLD GmbH St. Johann im Pongau<\/a><\/strong><br \/>\nAgency for brand development with visions<br \/>\n<a title=\"Werbeagentur Gipfelgold St. Johann im Pongau\" href=\"https:\/\/www.gipfelgold.com\/\">www.gipfelgold.com<\/a>\u00a0\/\/\u00a0<a title=\"Werbeagentur Gipfelgold kontaktieren\" href=\"mailto:hallo@gipfelgold.com\">hallo@gipfelgold.com<\/a>[\/vc_column_text][\/vc_column][\/vc_row][vc_row disable_element=&#8221;yes&#8221;][vc_column]\n<div class=\"wpcf7 no-js\" id=\"wpcf7-f1079-o1\" lang=\"de-DE\" dir=\"ltr\" data-wpcf7-id=\"1079\">\n<div class=\"screen-reader-response\"><p role=\"status\" aria-live=\"polite\" aria-atomic=\"true\"><\/p> <ul><\/ul><\/div>\n<form action=\"\/en\/wp-json\/wp\/v2\/pages\/3445#wpcf7-f1079-o1\" method=\"post\" class=\"wpcf7-form init cmonitor-ext-0.4.67\" aria-label=\"Kontaktformular\" novalidate=\"novalidate\" data-status=\"init\">\n<fieldset class=\"hidden-fields-container\"><input type=\"hidden\" name=\"_wpcf7\" value=\"1079\" \/><input type=\"hidden\" name=\"_wpcf7_version\" value=\"6.1.5\" \/><input type=\"hidden\" name=\"_wpcf7_locale\" value=\"de_DE\" \/><input type=\"hidden\" name=\"_wpcf7_unit_tag\" value=\"wpcf7-f1079-o1\" \/><input type=\"hidden\" name=\"_wpcf7_container_post\" value=\"0\" \/><input type=\"hidden\" name=\"_wpcf7_posted_data_hash\" value=\"\" \/><input type=\"hidden\" name=\"_wpcf7_recaptcha_response\" value=\"\" \/>\n<\/fieldset>\n<fieldset>\n\t<legend>\n\t\t<h3>Kontaktformular\n\t\t<\/h3>\n\t<\/legend>\n\t<p><label for=\"your-name\">Ihr Name<\/label><br \/>\n<span class=\"wpcf7-form-control-wrap\" data-name=\"your-name\"><input size=\"40\" maxlength=\"400\" class=\"wpcf7-form-control wpcf7-text wpcf7-validates-as-required full\" id=\"your-name\" aria-required=\"true\" aria-invalid=\"false\" value=\"\" type=\"text\" name=\"your-name\" \/><\/span>\n\t<\/p>\n\t<p><label for=\"your-email\">Ihre E-Mail-Adresse<\/label><br \/>\n<span class=\"wpcf7-form-control-wrap\" data-name=\"your-email\"><input size=\"40\" maxlength=\"400\" class=\"wpcf7-form-control wpcf7-email wpcf7-validates-as-required wpcf7-text wpcf7-validates-as-email full\" id=\"your-email\" aria-required=\"true\" aria-invalid=\"false\" value=\"\" type=\"email\" name=\"your-email\" \/><\/span>\n\t<\/p>\n\t<p><label for=\"your-message\">Ihre Nachricht<\/label><br \/>\n<span class=\"wpcf7-form-control-wrap\" data-name=\"your-message\"><textarea cols=\"40\" rows=\"10\" maxlength=\"2000\" class=\"wpcf7-form-control wpcf7-textarea full\" id=\"your-message\" aria-invalid=\"false\" name=\"your-message\"><\/textarea><\/span>\n\t<\/p>\n<\/fieldset>\n<p><span class=\"wpcf7-form-control-wrap\" data-name=\"zustimmung\"><span class=\"wpcf7-form-control wpcf7-acceptance\"><span class=\"wpcf7-list-item\"><label><input type=\"checkbox\" name=\"zustimmung\" value=\"1\" aria-invalid=\"false\" \/><span class=\"wpcf7-list-item-label\">Ich habe die <a href=\"\/datenschutzerklaerung\" target=\"_blank\" rel=\"noopener\">Datenschutzerkl\u00e4rung<\/a> gelesen und stimme der Verarbeitung meiner E-Mail-Adresse zu.<\/span><\/label><\/span><\/span><\/span>\n<\/p>\n<p><span class=\"wpcf7-form-control-wrap\" data-name=\"newsletter\"><span class=\"wpcf7-form-control wpcf7-acceptance optional\"><span class=\"wpcf7-list-item\"><label><input type=\"checkbox\" name=\"newsletter\" value=\"1\" aria-invalid=\"false\" \/><span class=\"wpcf7-list-item-label\">Ja, ich m\u00f6chte zuk\u00fcnftig \u00fcber aktuelle Pauschalen, Angebote & Neuigkeiten per E-Mail informiert werden. Eine Abmeldung ist jederzeit m\u00f6glich.<\/span><\/label><\/span><\/span><\/span>\n<\/p>\n<p><input class=\"wpcf7-form-control wpcf7-submit has-spinner btn\" type=\"submit\" value=\"Nachricht senden\" \/>\n<\/p><div class=\"wpcf7-response-output\" aria-hidden=\"true\"><\/div><p style=\"display: none !important\"><span class=\"wpcf7-form-control-wrap referer-page\"><input type=\"text\" name=\"referer-page\" value=\"http:\/\/Direct%20Visit\" data-value=\"http:\/\/Direct%20Visit\" size=\"40\" class=\"wpcf7-form-control wpcf7-text referer-page\" aria-invalid=\"false\"><\/span><\/p>\n<!-- campaignmonitor extension by Renzo Johnson -->\n<\/form>\n<\/div>\n[\/vc_column][\/vc_row]\n<\/div>","protected":false},"excerpt":{"rendered":"<p>[vc_row css=&#8221;.vc_custom_1615215808660{padding-top: 200px !important;padding-bottom: 10vh !important;}&#8221;][vc_column thb_color=&#8221;thb-light-column&#8221;][vc_column_text]Hofgut Touristik GmbH Wagrainerstra\u00dfe 24 5602 Wagrain \u00d6sterreich Phone:\u00a00043 6413 8824 Fax:\u00a00043 6413 8824-11 E-Mail:\u00a0info@hofgut.com Company name: Hofgut Touristik GmbH Commercial register number: FN283681 VAT-ID: ATU 62863388 Commercial register court: Landesgericht Salzburg Authority according to ECG: Bezirkshauptmannschaft St. Johann im Pongau Section: Hotellerie Chamber affiliations: Wirtschaftskammer Salzburg D-U-N-S \u00ae&hellip;<\/p>\n","protected":false},"author":1,"featured_media":0,"parent":0,"menu_order":0,"comment_status":"closed","ping_status":"closed","template":"","meta":{"footnotes":"","_wp_rev_ctl_limit":""},"class_list":["post-3445","page","type-page","status-publish","hentry"],"yoast_head":"<!-- This site is optimized with the Yoast SEO plugin v27.3 - https:\/\/yoast.com\/product\/yoast-seo-wordpress\/ -->\n<title>Legal Notice &#8212; HOFGUT Apartment &amp; Lifestyle Resort \u2013 Wagrain Salzburg<\/title>\n<meta name=\"description\" content=\"Imprint\/\/ HOFGUT Apartment &amp; Lifestyle Resort Wagrain Salzburg Austria\" \/>\n<meta name=\"robots\" content=\"noindex, follow\" \/>\n<meta property=\"og:locale\" content=\"en_US\" \/>\n<meta property=\"og:type\" content=\"article\" \/>\n<meta property=\"og:title\" content=\"Legal Notice &#8212; HOFGUT Apartment &amp; Lifestyle Resort \u2013 Wagrain Salzburg\" \/>\n<meta property=\"og:description\" content=\"Imprint\/\/ HOFGUT Apartment &amp; Lifestyle Resort Wagrain Salzburg Austria\" \/>\n<meta property=\"og:url\" content=\"https:\/\/paidstaging.hofgut.com\/en\/legal-notice\/\" \/>\n<meta property=\"og:site_name\" content=\"HOFGUT Apartment &amp; Lifestyle Resort \u2013 Wagrain Salzburg\" \/>\n<meta property=\"article:publisher\" content=\"https:\/\/www.facebook.com\/hofgut.wagrain\" \/>\n<meta property=\"article:modified_time\" content=\"2024-11-25T10:44:05+00:00\" \/>\n<meta name=\"twitter:card\" content=\"summary_large_image\" \/>\n<meta name=\"twitter:label1\" content=\"Est. reading time\" \/>\n\t<meta name=\"twitter:data1\" content=\"1 minute\" \/>\n<script type=\"application\/ld+json\" class=\"yoast-schema-graph\">{\"@context\":\"https:\\\/\\\/schema.org\",\"@graph\":[{\"@type\":\"WebPage\",\"@id\":\"https:\\\/\\\/paidstaging.hofgut.com\\\/en\\\/legal-notice\\\/\",\"url\":\"https:\\\/\\\/paidstaging.hofgut.com\\\/en\\\/legal-notice\\\/\",\"name\":\"Legal Notice &#8212; HOFGUT Apartment &amp; Lifestyle Resort \u2013 Wagrain Salzburg\",\"isPartOf\":{\"@id\":\"https:\\\/\\\/paidstaging.hofgut.com\\\/en\\\/#website\"},\"datePublished\":\"2020-12-10T13:55:31+00:00\",\"dateModified\":\"2024-11-25T10:44:05+00:00\",\"description\":\"Imprint\\\/\\\/ HOFGUT Apartment & Lifestyle Resort Wagrain Salzburg Austria\",\"breadcrumb\":{\"@id\":\"https:\\\/\\\/paidstaging.hofgut.com\\\/en\\\/legal-notice\\\/#breadcrumb\"},\"inLanguage\":\"en-US\",\"potentialAction\":[{\"@type\":\"ReadAction\",\"target\":[\"https:\\\/\\\/paidstaging.hofgut.com\\\/en\\\/legal-notice\\\/\"]}]},{\"@type\":\"BreadcrumbList\",\"@id\":\"https:\\\/\\\/paidstaging.hofgut.com\\\/en\\\/legal-notice\\\/#breadcrumb\",\"itemListElement\":[{\"@type\":\"ListItem\",\"position\":1,\"name\":\"Home\",\"item\":\"https:\\\/\\\/paidstaging.hofgut.com\\\/en\\\/\"},{\"@type\":\"ListItem\",\"position\":2,\"name\":\"Legal Notice\"}]},{\"@type\":\"WebSite\",\"@id\":\"https:\\\/\\\/paidstaging.hofgut.com\\\/en\\\/#website\",\"url\":\"https:\\\/\\\/paidstaging.hofgut.com\\\/en\\\/\",\"name\":\"HOFGUT Apartment & Lifestyle Resort \u2013 Wagrain Salzburg\",\"description\":\"\",\"publisher\":{\"@id\":\"https:\\\/\\\/paidstaging.hofgut.com\\\/en\\\/#organization\"},\"potentialAction\":[{\"@type\":\"SearchAction\",\"target\":{\"@type\":\"EntryPoint\",\"urlTemplate\":\"https:\\\/\\\/paidstaging.hofgut.com\\\/en\\\/?s={search_term_string}\"},\"query-input\":{\"@type\":\"PropertyValueSpecification\",\"valueRequired\":true,\"valueName\":\"search_term_string\"}}],\"inLanguage\":\"en-US\"},{\"@type\":\"Organization\",\"@id\":\"https:\\\/\\\/paidstaging.hofgut.com\\\/en\\\/#organization\",\"name\":\"HOFGUT Apartment & Lifestyle Resort\",\"url\":\"https:\\\/\\\/paidstaging.hofgut.com\\\/en\\\/\",\"logo\":{\"@type\":\"ImageObject\",\"inLanguage\":\"en-US\",\"@id\":\"https:\\\/\\\/paidstaging.hofgut.com\\\/en\\\/#\\\/schema\\\/logo\\\/image\\\/\",\"url\":\"https:\\\/\\\/paidstaging.hofgut.com\\\/wp-content\\\/uploads\\\/2020\\\/12\\\/Hofgut-Logo-RGB-blau-gelb.svg\",\"contentUrl\":\"https:\\\/\\\/paidstaging.hofgut.com\\\/wp-content\\\/uploads\\\/2020\\\/12\\\/Hofgut-Logo-RGB-blau-gelb.svg\",\"width\":340,\"height\":221,\"caption\":\"HOFGUT Apartment & Lifestyle Resort\"},\"image\":{\"@id\":\"https:\\\/\\\/paidstaging.hofgut.com\\\/en\\\/#\\\/schema\\\/logo\\\/image\\\/\"},\"sameAs\":[\"https:\\\/\\\/www.facebook.com\\\/hofgut.wagrain\",\"https:\\\/\\\/www.instagram.com\\\/hofgut.wagrain\"]}]}<\/script>\n<!-- \/ Yoast SEO plugin. -->","yoast_head_json":{"title":"Legal Notice &#8212; HOFGUT Apartment &amp; Lifestyle Resort \u2013 Wagrain Salzburg","description":"Imprint\/\/ HOFGUT Apartment & Lifestyle Resort Wagrain Salzburg Austria","robots":{"index":"noindex","follow":"follow"},"og_locale":"en_US","og_type":"article","og_title":"Legal Notice &#8212; HOFGUT Apartment &amp; Lifestyle Resort \u2013 Wagrain Salzburg","og_description":"Imprint\/\/ HOFGUT Apartment & Lifestyle Resort Wagrain Salzburg Austria","og_url":"https:\/\/paidstaging.hofgut.com\/en\/legal-notice\/","og_site_name":"HOFGUT Apartment &amp; Lifestyle Resort \u2013 Wagrain Salzburg","article_publisher":"https:\/\/www.facebook.com\/hofgut.wagrain","article_modified_time":"2024-11-25T10:44:05+00:00","twitter_card":"summary_large_image","twitter_misc":{"Est. reading time":"1 minute"},"schema":{"@context":"https:\/\/schema.org","@graph":[{"@type":"WebPage","@id":"https:\/\/paidstaging.hofgut.com\/en\/legal-notice\/","url":"https:\/\/paidstaging.hofgut.com\/en\/legal-notice\/","name":"Legal Notice &#8212; HOFGUT Apartment &amp; Lifestyle Resort \u2013 Wagrain Salzburg","isPartOf":{"@id":"https:\/\/paidstaging.hofgut.com\/en\/#website"},"datePublished":"2020-12-10T13:55:31+00:00","dateModified":"2024-11-25T10:44:05+00:00","description":"Imprint\/\/ HOFGUT Apartment & Lifestyle Resort Wagrain Salzburg Austria","breadcrumb":{"@id":"https:\/\/paidstaging.hofgut.com\/en\/legal-notice\/#breadcrumb"},"inLanguage":"en-US","potentialAction":[{"@type":"ReadAction","target":["https:\/\/paidstaging.hofgut.com\/en\/legal-notice\/"]}]},{"@type":"BreadcrumbList","@id":"https:\/\/paidstaging.hofgut.com\/en\/legal-notice\/#breadcrumb","itemListElement":[{"@type":"ListItem","position":1,"name":"Home","item":"https:\/\/paidstaging.hofgut.com\/en\/"},{"@type":"ListItem","position":2,"name":"Legal Notice"}]},{"@type":"WebSite","@id":"https:\/\/paidstaging.hofgut.com\/en\/#website","url":"https:\/\/paidstaging.hofgut.com\/en\/","name":"HOFGUT Apartment & Lifestyle Resort \u2013 Wagrain Salzburg","description":"","publisher":{"@id":"https:\/\/paidstaging.hofgut.com\/en\/#organization"},"potentialAction":[{"@type":"SearchAction","target":{"@type":"EntryPoint","urlTemplate":"https:\/\/paidstaging.hofgut.com\/en\/?s={search_term_string}"},"query-input":{"@type":"PropertyValueSpecification","valueRequired":true,"valueName":"search_term_string"}}],"inLanguage":"en-US"},{"@type":"Organization","@id":"https:\/\/paidstaging.hofgut.com\/en\/#organization","name":"HOFGUT Apartment & Lifestyle Resort","url":"https:\/\/paidstaging.hofgut.com\/en\/","logo":{"@type":"ImageObject","inLanguage":"en-US","@id":"https:\/\/paidstaging.hofgut.com\/en\/#\/schema\/logo\/image\/","url":"https:\/\/paidstaging.hofgut.com\/wp-content\/uploads\/2020\/12\/Hofgut-Logo-RGB-blau-gelb.svg","contentUrl":"https:\/\/paidstaging.hofgut.com\/wp-content\/uploads\/2020\/12\/Hofgut-Logo-RGB-blau-gelb.svg","width":340,"height":221,"caption":"HOFGUT Apartment & Lifestyle Resort"},"image":{"@id":"https:\/\/paidstaging.hofgut.com\/en\/#\/schema\/logo\/image\/"},"sameAs":["https:\/\/www.facebook.com\/hofgut.wagrain","https:\/\/www.instagram.com\/hofgut.wagrain"]}]}},"_links":{"self":[{"href":"https:\/\/paidstaging.hofgut.com\/en\/wp-json\/wp\/v2\/pages\/3445","targetHints":{"allow":["GET"]}}],"collection":[{"href":"https:\/\/paidstaging.hofgut.com\/en\/wp-json\/wp\/v2\/pages"}],"about":[{"href":"https:\/\/paidstaging.hofgut.com\/en\/wp-json\/wp\/v2\/types\/page"}],"author":[{"embeddable":true,"href":"https:\/\/paidstaging.hofgut.com\/en\/wp-json\/wp\/v2\/users\/1"}],"replies":[{"embeddable":true,"href":"https:\/\/paidstaging.hofgut.com\/en\/wp-json\/wp\/v2\/comments?post=3445"}],"version-history":[{"count":0,"href":"https:\/\/paidstaging.hofgut.com\/en\/wp-json\/wp\/v2\/pages\/3445\/revisions"}],"wp:attachment":[{"href":"https:\/\/paidstaging.hofgut.com\/en\/wp-json\/wp\/v2\/media?parent=3445"}],"curies":[{"name":"wp","href":"https:\/\/api.w.org\/{rel}","templated":true}]}}